{"id":2546,"date":"2014-09-20T08:40:37","date_gmt":"2014-09-20T08:40:37","guid":{"rendered":"http:\/\/dev.crumina.net\/embrace\/?page_id=2546"},"modified":"2021-03-25T17:59:25","modified_gmt":"2021-03-25T17:59:25","slug":"contato","status":"publish","type":"page","link":"https:\/\/ursobrancorefrigeracao.com.br\/oficial\/contato\/","title":{"rendered":"NOSSAS LOJAS E ATENDIMENTO"},"content":{"rendered":"<div class=\"row full-width-row\" ><div class=\"row\"><div class=\"wpb_column vc_column_container vc_col-sm-12\"><div class=\"wpb_wrapper\"><\/div><\/div><\/div><\/div><div class=\"row vc_custom_1411205383328\" ><div class=\"wpb_column vc_column_container vc_col-sm-12\"><div class=\"wpb_wrapper\"><div class=\"title-block title-size-large vc_txt_align_center underlined \" style=\"\" ><div class=\"ovh\"><h2 class=\"title\">Fale Conosco<\/h2><div class=\"line\"><\/div><\/div><\/div><br \/>\n<div class=\"vc_row vc_inner row\"><div class=\"wpb_column vc_column_container vc_col-sm-3\"><div class=\"wpb_wrapper\">\n\t<div class=\"wpb_text_column wpb_content_element \">\n\t\t<div class=\"wpb_wrapper\">\n\t\t\t<h2><em><strong>Informa\u00e7\u00f5es Gerais<\/strong><\/em><\/h2>\n<address><strong>contato@ursobrancorefrigeracao.com.br<\/strong><br \/>\n<strong>financeiro@ursobrancorefrigeracao.com.br<\/strong><\/address>\n<address>\u00a0<\/address>\n<address><strong>LOJA 01<\/strong><br \/>\nFracisco Cordelli, 310<br \/>\nS\u00e3o Mateus, S\u00e3o Paulo, SP<br \/>\n+55 11- 2919 2430<br \/>\n<strong><br \/>\nLOJA 02<\/strong><br \/>\n<span class=\"street-address\">Alameda Glete, 850<br \/>\nSanta Cec\u00edlia<\/span>,\u00a0<span class=\"locality\">S\u00e3o Paulo<\/span>,\u00a0<span class=\"region\">SP<br \/>\n<\/span>+55 11 &#8211; 3452 9337<br \/>\n<strong><br \/>\nLOJA 03<br \/>\n<\/strong><span class=\"street-address\">Rua Fortaleza, 1522<br \/>\n<\/span><span class=\"locality\">Presidente Epit\u00e1cio<\/span>,\u00a0<span class=\"region\">SP<\/span>\u00a0<span class=\"postal-code\">19470-000<br \/>\n<\/span>+55 18 &#8211; 3281 9041<\/p>\n<\/address>\n\n\t\t<\/div>\n\t<\/div>\n<\/div><\/div><div class=\"wpb_column vc_column_container vc_col-sm-9\"><div class=\"wpb_wrapper\"><div role=\"form\" class=\"wpcf7\" id=\"wpcf7-f3630-o1\" lang=\"pt-PT\" dir=\"ltr\">\n<div class=\"screen-reader-response\"><p role=\"status\" aria-live=\"polite\" aria-atomic=\"true\"><\/p> <ul><\/ul><\/div>\n<form action=\"\/oficial\/wp-json\/wp\/v2\/pages\/2546#wpcf7-f3630-o1\" method=\"post\" class=\"wpcf7-form init\" novalidate=\"novalidate\" data-status=\"init\">\n<div style=\"display: none;\">\n<input type=\"hidden\" name=\"_wpcf7\" value=\"3630\" \/>\n<input type=\"hidden\" name=\"_wpcf7_version\" value=\"5.4\" \/>\n<input type=\"hidden\" name=\"_wpcf7_locale\" value=\"pt_PT\" \/>\n<input type=\"hidden\" name=\"_wpcf7_unit_tag\" value=\"wpcf7-f3630-o1\" \/>\n<input type=\"hidden\" name=\"_wpcf7_container_post\" value=\"0\" \/>\n<input type=\"hidden\" name=\"_wpcf7_posted_data_hash\" value=\"\" \/>\n<\/div>\n<p>O seu nome (obrigat\u00f3rio)<br \/>\n    <span class=\"wpcf7-form-control-wrap your-name\"><input type=\"text\" name=\"your-name\" value=\"\" size=\"40\" class=\"wpcf7-form-control wpcf7-text wpcf7-validates-as-required\" aria-required=\"true\" aria-invalid=\"false\" \/><\/span> <\/p>\n<p>O seu email (obrigat\u00f3rio)<br \/>\n    <span class=\"wpcf7-form-control-wrap your-email\"><input type=\"email\" name=\"your-email\" value=\"\" size=\"40\" class=\"wpcf7-form-control wpcf7-text wpcf7-email wpcf7-validates-as-required wpcf7-validates-as-email\" aria-required=\"true\" aria-invalid=\"false\" \/><\/span> <\/p>\n<p>Assunto<br \/>\n    <span class=\"wpcf7-form-control-wrap your-subject\"><input type=\"text\" name=\"your-subject\" value=\"\" size=\"40\" class=\"wpcf7-form-control wpcf7-text\" aria-invalid=\"false\" \/><\/span> <\/p>\n<p>A sua mensagem<br \/>\n    <span class=\"wpcf7-form-control-wrap your-message\"><textarea name=\"your-message\" cols=\"40\" rows=\"10\" class=\"wpcf7-form-control wpcf7-textarea\" aria-invalid=\"false\"><\/textarea><\/span> <\/p>\n<p><input type=\"submit\" value=\"Enviar\" class=\"wpcf7-form-control wpcf7-submit\" \/><\/p>\n<div class=\"wpcf7-response-output\" aria-hidden=\"true\"><\/div><\/form><\/div><\/div><\/div><\/div><\/div><\/div><\/div><div class=\"row\" ><div class=\"wpb_column vc_column_container vc_col-sm-12\"><div class=\"wpb_wrapper\"><div class=\"vc_empty_space\"  style=\"height: 50px\" ><span class=\"vc_empty_space_inner\"><\/span><\/div>\n<\/div><\/div><\/div>\n","protected":false},"excerpt":{"rendered":"Fale Conosco Informa\u00e7\u00f5es Gerais contato@ursobrancorefrigeracao.com.br financeiro@ursobrancorefrigeracao.com.br \u00a0 LOJA 01 Fracisco Cordelli, 310 S\u00e3o Mateus, S\u00e3o Paulo, SP +55 11- 2919 2430 LOJA 02 Alameda Glete, 850 Santa Cec\u00edlia,\u00a0S\u00e3o Paulo,\u00a0SP +55 11 - 3452 9337 LOJA 03 Rua Fortaleza, 1522 Presidente Epit\u00e1cio,\u00a0SP\u00a019470-000 +55 18 - 3281&hellip;  <div class=\"read-more-button\"><a class=\"button\" href=\"https:\/\/ursobrancorefrigeracao.com.br\/oficial\/contato\/\" title=\"Read NOSSAS LOJAS E ATENDIMENTO\">Read more<\/a><\/div>","protected":false},"author":5,"featured_media":0,"parent":0,"menu_order":0,"comment_status":"open","ping_status":"open","template":"","meta":[],"_links":{"self":[{"href":"https:\/\/ursobrancorefrigeracao.com.br\/oficial\/wp-json\/wp\/v2\/pages\/2546"}],"collection":[{"href":"https:\/\/ursobrancorefrigeracao.com.br\/oficial\/wp-json\/wp\/v2\/pages"}],"about":[{"href":"https:\/\/ursobrancorefrigeracao.com.br\/oficial\/wp-json\/wp\/v2\/types\/page"}],"author":[{"embeddable":true,"href":"https:\/\/ursobrancorefrigeracao.com.br\/oficial\/wp-json\/wp\/v2\/users\/5"}],"replies":[{"embeddable":true,"href":"https:\/\/ursobrancorefrigeracao.com.br\/oficial\/wp-json\/wp\/v2\/comments?post=2546"}],"version-history":[{"count":19,"href":"https:\/\/ursobrancorefrigeracao.com.br\/oficial\/wp-json\/wp\/v2\/pages\/2546\/revisions"}],"predecessor-version":[{"id":3695,"href":"https:\/\/ursobrancorefrigeracao.com.br\/oficial\/wp-json\/wp\/v2\/pages\/2546\/revisions\/3695"}],"wp:attachment":[{"href":"https:\/\/ursobrancorefrigeracao.com.br\/oficial\/wp-json\/wp\/v2\/media?parent=2546"}],"curies":[{"name":"wp","href":"https:\/\/api.w.org\/{rel}","templated":true}]}}