{"id":2603,"date":"2014-09-20T09:41:19","date_gmt":"2014-09-20T09:41:19","guid":{"rendered":"http:\/\/dev.crumina.net\/embrace\/?page_id=2603"},"modified":"2016-02-02T14:09:45","modified_gmt":"2016-02-02T14:09:45","slug":"sobre-nos","status":"publish","type":"page","link":"https:\/\/ursobrancorefrigeracao.com.br\/oficial\/sobre-nos\/","title":{"rendered":"Urso Branco Refrigera\u00e7\u00e3o"},"content":{"rendered":"<div class=\"row vc_custom_1411209454922\" ><div class=\"wpb_column vc_column_container vc_col-sm-12\"><div class=\"wpb_wrapper\"><div class=\"title-block title-size-medium vc_txt_align_center underlined \" style=\"\" ><div class=\"ovh\"><h2 class=\"title\">Sobre a Empresa<\/h2><h4 class=\"subtitle\">Trabalhamos a mais de 30 anos no ramo de refrigera\u00e7\u00e3o e temos alcan\u00e7ado bons resultados no decorrer dos anos, por isso, veja por que sua empresa deve escolher a Urso Branco Refrigera\u00e7\u00e3o;<\/h4><div class=\"line\"><\/div><\/div><\/div><div class=\"vc_empty_space\"  style=\"height: 20px\" ><span class=\"vc_empty_space_inner\"><\/span><\/div>\n\n\t<div class=\"wpb_text_column wpb_content_element \">\n\t\t<div class=\"wpb_wrapper\">\n\t\t\t<p><strong>HIST\u00d3RIA<br \/>\n<\/strong>A <strong>Urso Branco<\/strong> \u00e9 uma empresa que atua h\u00e1 mais de 30 anos no segmento de refrigera\u00e7\u00e3o, hoje atende em 3 lojas. Desde o in\u00edcio priorizando o bom atendimento, qualidade nos produtos e mantendo sempre um ambiente familiar para seus funcion\u00e1rios e clientes. Tem como principal meta gerir as solu\u00e7\u00f5es afim de sempre encontrar a melhor op\u00e7\u00e3o em pe\u00e7as de refrigera\u00e7\u00e3o.<\/p>\n<p><strong>REALIZA\u00c7\u00d5ES E METAS<\/strong><br \/>\nDe uma pequena loja comprada inicialmente, a <strong>Urso Branco<\/strong> hoje conta com 3 unidades, sendo que duas dessas est\u00e3o na capital S\u00e3o Paulo e uma terceira esta estrategicamente localizada na divisa do Estado de S\u00e3o Paulo com o de Mato Grosso do Sul em Presidente Epit\u00e1cio\/SP, todas com um grande estoque, atingindo a marca de mais de 4500 itens.<\/p>\n<p>Neste momento est\u00e3o sendo realizadas amplia\u00e7\u00f5es na unidade de Presidente Epit\u00e1cio e h\u00e1 projetos para uma quarta loja.<\/p>\n<p><strong>PARCERIAS<br \/>\n<\/strong>A <strong>Urso Branco<\/strong> n\u00e3o oferece mais a m\u00e3o de obra de refrigera\u00e7\u00e3o mas conta com excelentes parcerias neste sentido, podendo indicar \u00f3timos profissionais para realiza\u00e7\u00e3o de seus projetos.<\/p>\n<p>Para poder garantir qualidade, pre\u00e7o e agilidade na entrega, a empresa firmou solidas parcerias com seus fornecedores, sendo essas grandes empresas do mercado de refrigera\u00e7\u00e3o.<\/p>\n\n\t\t<\/div>\n\t<\/div>\n<\/div><\/div><\/div>\n","protected":false},"excerpt":{"rendered":"Sobre a EmpresaTrabalhamos a mais de 30 anos no ramo de refrigera\u00e7\u00e3o e temos alcan\u00e7ado bons resultados no decorrer dos anos, por isso, veja por que sua empresa deve escolher a Urso Branco Refrigera\u00e7\u00e3o; HIST\u00d3RIA A Urso Branco \u00e9 uma empresa que atua h\u00e1 mais&hellip;  <div class=\"read-more-button\"><a class=\"button\" href=\"https:\/\/ursobrancorefrigeracao.com.br\/oficial\/sobre-nos\/\" title=\"Read Urso Branco Refrigera\u00e7\u00e3o\">Read more<\/a><\/div>","protected":false},"author":5,"featured_media":0,"parent":0,"menu_order":0,"comment_status":"open","ping_status":"open","template":"","meta":[],"_links":{"self":[{"href":"https:\/\/ursobrancorefrigeracao.com.br\/oficial\/wp-json\/wp\/v2\/pages\/2603"}],"collection":[{"href":"https:\/\/ursobrancorefrigeracao.com.br\/oficial\/wp-json\/wp\/v2\/pages"}],"about":[{"href":"https:\/\/ursobrancorefrigeracao.com.br\/oficial\/wp-json\/wp\/v2\/types\/page"}],"author":[{"embeddable":true,"href":"https:\/\/ursobrancorefrigeracao.com.br\/oficial\/wp-json\/wp\/v2\/users\/5"}],"replies":[{"embeddable":true,"href":"https:\/\/ursobrancorefrigeracao.com.br\/oficial\/wp-json\/wp\/v2\/comments?post=2603"}],"version-history":[{"count":7,"href":"https:\/\/ursobrancorefrigeracao.com.br\/oficial\/wp-json\/wp\/v2\/pages\/2603\/revisions"}],"predecessor-version":[{"id":3616,"href":"https:\/\/ursobrancorefrigeracao.com.br\/oficial\/wp-json\/wp\/v2\/pages\/2603\/revisions\/3616"}],"wp:attachment":[{"href":"https:\/\/ursobrancorefrigeracao.com.br\/oficial\/wp-json\/wp\/v2\/media?parent=2603"}],"curies":[{"name":"wp","href":"https:\/\/api.w.org\/{rel}","templated":true}]}}